{"id":9,"date":"2018-11-27T09:17:28","date_gmt":"2018-11-27T09:17:28","guid":{"rendered":"https:\/\/bvpataias.pt\/wp\/index.php\/services\/"},"modified":"2022-06-20T07:05:06","modified_gmt":"2022-06-20T07:05:06","slug":"services","status":"publish","type":"page","link":"https:\/\/bvpataias.pt\/home\/services\/","title":{"rendered":"Corpos Sociais"},"content":{"rendered":"<style>\/*! elementor - v3.6.6 - 08-06-2022 *\/<br \/>\n.elementor-heading-title{padding:0;margin:0;line-height:1}.elementor-widget-heading .elementor-heading-title[class*=elementor-size-]>a{color:inherit;font-size:inherit;line-height:inherit}.elementor-widget-heading .elementor-heading-title.elementor-size-small{font-size:15px}.elementor-widget-heading .elementor-heading-title.elementor-size-medium{font-size:19px}.elementor-widget-heading .elementor-heading-title.elementor-size-large{font-size:29px}.elementor-widget-heading .elementor-heading-title.elementor-size-xl{font-size:39px}.elementor-widget-heading .elementor-heading-title.elementor-size-xxl{font-size:59px}<\/style>\n<h1>corpos sociais<\/h1>\n<h2>ASSOCIA\u00c7\u00c3O HUMANIT\u00c1RIA BOMBEIROS VOLUNT\u00c1RIOS DE PATAIAS<\/h2>\n<style>\/*! elementor - v3.6.6 - 08-06-2022 *\/<br \/>\n.elementor-widget-divider{--divider-border-style:none;--divider-border-width:1px;--divider-color:#2c2c2c;--divider-icon-size:20px;--divider-element-spacing:10px;--divider-pattern-height:24px;--divider-pattern-size:20px;--divider-pattern-url:none;--divider-pattern-repeat:repeat-x}.elementor-widget-divider .elementor-divider{display:-webkit-box;display:-ms-flexbox;display:flex}.elementor-widget-divider .elementor-divider__text{font-size:15px;line-height:1;max-width:95%}.elementor-widget-divider .elementor-divider__element{margin:0 var(--divider-element-spacing);-ms-flex-negative:0;flex-shrink:0}.elementor-widget-divider .elementor-icon{font-size:var(--divider-icon-size)}.elementor-widget-divider .elementor-divider-separator{display:-webkit-box;display:-ms-flexbox;display:flex;margin:0;direction:ltr}.elementor-widget-divider--view-line_icon .elementor-divider-separator,.elementor-widget-divider--view-line_text .elementor-divider-separator{-webkit-box-align:center;-ms-flex-align:center;align-items:center}.elementor-widget-divider--view-line_icon .elementor-divider-separator:after,.elementor-widget-divider--view-line_icon .elementor-divider-separator:before,.elementor-widget-divider--view-line_text .elementor-divider-separator:after,.elementor-widget-divider--view-line_text .elementor-divider-separator:before{display:block;content:\"\";border-bottom:0;-webkit-box-flex:1;-ms-flex-positive:1;flex-grow:1;border-top:var(--divider-border-width) var(--divider-border-style) var(--divider-color)}.elementor-widget-divider--element-align-left .elementor-divider .elementor-divider-separator>.elementor-divider__svg:first-of-type{-webkit-box-flex:0;-ms-flex-positive:0;flex-grow:0;-ms-flex-negative:100;flex-shrink:100}.elementor-widget-divider--element-align-left .elementor-divider-separator:before{content:none}.elementor-widget-divider--element-align-left .elementor-divider__element{margin-left:0}.elementor-widget-divider--element-align-right .elementor-divider .elementor-divider-separator>.elementor-divider__svg:last-of-type{-webkit-box-flex:0;-ms-flex-positive:0;flex-grow:0;-ms-flex-negative:100;flex-shrink:100}.elementor-widget-divider--element-align-right .elementor-divider-separator:after{content:none}.elementor-widget-divider--element-align-right .elementor-divider__element{margin-right:0}.elementor-widget-divider:not(.elementor-widget-divider--view-line_text):not(.elementor-widget-divider--view-line_icon) .elementor-divider-separator{border-top:var(--divider-border-width) var(--divider-border-style) var(--divider-color)}.elementor-widget-divider--separator-type-pattern{--divider-border-style:none}.elementor-widget-divider--separator-type-pattern.elementor-widget-divider--view-line .elementor-divider-separator,.elementor-widget-divider--separator-type-pattern:not(.elementor-widget-divider--view-line) .elementor-divider-separator:after,.elementor-widget-divider--separator-type-pattern:not(.elementor-widget-divider--view-line) .elementor-divider-separator:before,.elementor-widget-divider--separator-type-pattern:not([class*=elementor-widget-divider--view]) .elementor-divider-separator{width:100%;min-height:var(--divider-pattern-height);-webkit-mask-size:var(--divider-pattern-size) 100%;mask-size:var(--divider-pattern-size) 100%;-webkit-mask-repeat:var(--divider-pattern-repeat);mask-repeat:var(--divider-pattern-repeat);background-color:var(--divider-color);-webkit-mask-image:var(--divider-pattern-url);mask-image:var(--divider-pattern-url)}.elementor-widget-divider--no-spacing{--divider-pattern-size:auto}.elementor-widget-divider--bg-round{--divider-pattern-repeat:round}.rtl .elementor-widget-divider .elementor-divider__text{direction:rtl}<\/style>\n<h2>DIRE\u00c7\u00c3O<\/h2>\n<ul>\n<li>\n<h3><b>Presidente:<\/b>&nbsp;R\u00e1ul Catarino<\/h3>\n<\/li>\n<li>\n<h3><b>Vice-Presidente:<\/b>&nbsp;Joaquim Santos<\/h3>\n<\/li>\n<li>\n<h3><b>Tesoureiro:<\/b>&nbsp;Tiago In\u00e1cio<\/h3>\n<\/li>\n<li>\n<h3><b>1\u00ba Secret\u00e1rio:<\/b>&nbsp;Juliana Santos<\/h3>\n<\/li>\n<li>\n<h3><b>2\u00ba Secret\u00e1rio:<\/b>&nbsp;Neusa Salgueiro<\/h3>\n<\/li>\n<li>\n<h3><b>1\u00ba Vogal:<\/b>&nbsp;Nelson Silva<\/h3>\n<\/li>\n<li>\n<h3><b>2\u00ba Vogal:<\/b>&nbsp;Ana Rico<\/h3>\n<\/li>\n<li>\n<h3><b>1\u00ba Suplente:<\/b>&nbsp;Renato Bernardo<\/h3>\n<\/li>\n<li>\n<h3><b>2\u00ba Suplente:<\/b>&nbsp;Ana Rodrigues<\/h3>\n<\/li>\n<li>\n<h3><b>3\u00ba Suplente:<\/b>&nbsp;Paulo Pereira<\/h3>\n<\/li>\n<\/ul>\n<h2>ASSEMBLEIA GERAL<\/h2>\n<ul>\n<li>\n<h3>Presidente:&nbsp;\u00d3scar Santos<\/h3>\n<\/li>\n<li>\n<h3>Vice-Presidente:&nbsp;Jos\u00e9 Fernandes<\/h3>\n<\/li>\n<li>\n<h3>1\u00ba Secret\u00e1rio:&nbsp;Fernando Vitorino<\/h3>\n<\/li>\n<li>\n<h3>2\u00ba Secret\u00e1rio:&nbsp;Jos\u00e9 Augusto<\/h3>\n<\/li>\n<\/ul>\n<h2>CONSELHO FISCAL<\/h2>\n<ul>\n<li>\n<h3><b>Presidente:<\/b>&nbsp;F\u00e1bio Silva<\/h3>\n<\/li>\n<li>\n<h3><b>Vice-Presidente:<\/b>&nbsp;Arm\u00e9nio Vieira<\/h3>\n<\/li>\n<li>\n<h3><b>1\u00ba Secret\u00e1rio-relator:<\/b>&nbsp;J\u00falia Bernardo<\/h3>\n<\/li>\n<li>\n<h3><b>Suplente:<\/b>&nbsp;N\u00e9lio Santos<\/h3>\n<\/li>\n<\/ul>\n","protected":false},"excerpt":{"rendered":"<p>corpos sociais ASSOCIA\u00c7\u00c3O HUMANIT\u00c1RIA BOMBEIROS VOLUNT\u00c1RIOS DE PATAIAS DIRE\u00c7\u00c3O Presidente:&nbsp;R\u00e1ul Catarino Vice-Presidente:&nbsp;Joaquim Santos Tesoureiro:&nbsp;Tiago In\u00e1cio 1\u00ba Secret\u00e1rio:&nbsp;Juliana Santos 2\u00ba Secret\u00e1rio:&nbsp;Neusa Salgueiro 1\u00ba Vogal:&nbsp;Nelson Silva 2\u00ba Vogal:&nbsp;Ana Rico 1\u00ba Suplente:&nbsp;Renato Bernardo 2\u00ba Suplente:&nbsp;Ana Rodrigues 3\u00ba Suplente:&nbsp;Paulo Pereira ASSEMBLEIA GERAL Presidente:&nbsp;\u00d3scar Santos Vice-Presidente:&nbsp;Jos\u00e9 Fernandes 1\u00ba Secret\u00e1rio:&nbsp;Fernando Vitorino 2\u00ba Secret\u00e1rio:&nbsp;Jos\u00e9 Augusto CONSELHO FISCAL Presidente:&nbsp;F\u00e1bio Silva Vice-Presidente:&nbsp;Arm\u00e9nio Vieira 1\u00ba [&hellip;]<\/p>\n","protected":false},"author":1,"featured_media":0,"parent":0,"menu_order":2,"comment_status":"closed","ping_status":"closed","template":"","meta":{"footnotes":""},"class_list":["post-9","page","type-page","status-publish","hentry"],"_links":{"self":[{"href":"https:\/\/bvpataias.pt\/home\/wp-json\/wp\/v2\/pages\/9","targetHints":{"allow":["GET"]}}],"collection":[{"href":"https:\/\/bvpataias.pt\/home\/wp-json\/wp\/v2\/pages"}],"about":[{"href":"https:\/\/bvpataias.pt\/home\/wp-json\/wp\/v2\/types\/page"}],"author":[{"embeddable":true,"href":"https:\/\/bvpataias.pt\/home\/wp-json\/wp\/v2\/users\/1"}],"replies":[{"embeddable":true,"href":"https:\/\/bvpataias.pt\/home\/wp-json\/wp\/v2\/comments?post=9"}],"version-history":[{"count":11,"href":"https:\/\/bvpataias.pt\/home\/wp-json\/wp\/v2\/pages\/9\/revisions"}],"predecessor-version":[{"id":782,"href":"https:\/\/bvpataias.pt\/home\/wp-json\/wp\/v2\/pages\/9\/revisions\/782"}],"wp:attachment":[{"href":"https:\/\/bvpataias.pt\/home\/wp-json\/wp\/v2\/media?parent=9"}],"curies":[{"name":"wp","href":"https:\/\/api.w.org\/{rel}","templated":true}]}}